{"id":17509,"date":"2024-12-29T08:12:11","date_gmt":"2024-12-29T07:12:11","guid":{"rendered":"http:\/\/elzbieta.org\/?page_id=17509"},"modified":"2024-12-29T08:12:11","modified_gmt":"2024-12-29T07:12:11","slug":"koleda-2025-plan-ogolny","status":"publish","type":"page","link":"http:\/\/elzbieta.org\/?page_id=17509","title":{"rendered":"Kol\u0119da 2025 &#8211; plan og\u00f3lny"},"content":{"rendered":"<p>&nbsp;<\/p>\n<table width=\"735\">\n<tbody>\n<tr>\n<td width=\"102\">3 stycznia<\/td>\n<td width=\"110\">pi\u0105tek<\/td>\n<td width=\"523\">Plac Srebrny; Cynowa; Niklowa 1-7<\/td>\n<\/tr>\n<tr>\n<td width=\"102\">4 stycznia<\/td>\n<td width=\"110\">sobota<\/td>\n<td width=\"523\">Niklowa 2-8; Oporowska; K\u0142o\u015bna 1-15, 4<\/td>\n<\/tr>\n<tr>\n<td width=\"102\">5 stycznia<\/td>\n<td width=\"110\">niedziela<\/td>\n<td width=\"523\">&#8211;<\/td>\n<\/tr>\n<tr>\n<td width=\"102\">6 stycznia<\/td>\n<td width=\"110\">poniedzia\u0142ek<\/td>\n<td width=\"523\">&#8211;<\/td>\n<\/tr>\n<tr>\n<td width=\"102\">7 stycznia<\/td>\n<td width=\"110\">wtorek<\/td>\n<td width=\"523\">K\u0142o\u015bna 6-8\/10; O\u0142owiana; Grochowa 25-31, 24-34; \u017belazna 37<\/td>\n<\/tr>\n<tr>\n<td width=\"102\">8 stycznia<\/td>\n<td width=\"110\">\u015broda<\/td>\n<td width=\"523\">\u017belazna 39\/41-55, 38-56<\/td>\n<\/tr>\n<tr>\n<td width=\"102\">9 stycznia<\/td>\n<td width=\"110\">czwartek<\/td>\n<td width=\"523\">\u017belazna 58-78; Szcz\u0119\u015bliwa 1- 21<\/td>\n<\/tr>\n<tr>\n<td width=\"102\">10 stycznia<\/td>\n<td width=\"110\">pi\u0105tek<\/td>\n<td width=\"523\">Szcz\u0119\u015bliwa 23-25; 4-36; Lwowska 3-15<\/td>\n<\/tr>\n<tr>\n<td width=\"102\">11 stycznia<\/td>\n<td width=\"110\">sobota<\/td>\n<td width=\"523\">Lwowska 17-43, 4-40<\/td>\n<\/tr>\n<tr>\n<td width=\"102\">12 stycznia<\/td>\n<td width=\"110\">niedziela<\/td>\n<td width=\"523\">&#8211;<\/td>\n<\/tr>\n<tr>\n<td width=\"102\">13 stycznia<\/td>\n<td width=\"110\">poniedzia\u0142ek<\/td>\n<td width=\"523\">Lwowska 40A- 42; Zaporowska; Lubuska 111-115, 54-68<\/td>\n<\/tr>\n<tr>\n<td width=\"102\">14 stycznia<\/td>\n<td width=\"110\">wtorek<\/td>\n<td width=\"523\">Lubuska 70-84; Jemio\u0142owa 15-27<\/td>\n<\/tr>\n<tr>\n<td width=\"102\">15 stycznia<\/td>\n<td width=\"110\">\u015broda<\/td>\n<td width=\"523\">Jemio\u0142owa 29-35, 14-34; pl. Pereca; ul. Pereca 5-21<\/td>\n<\/tr>\n<tr>\n<td width=\"102\">16 stycznia<\/td>\n<td width=\"110\">czwartek<\/td>\n<td width=\"523\">Ul. Pereca 23-31, 12-58; Altanowa 1-7<\/td>\n<\/tr>\n<tr>\n<td width=\"102\">17 stycznia<\/td>\n<td width=\"110\">pi\u0105tek<\/td>\n<td width=\"523\">Altanowa 9-11, 2-10; Grabiszy\u0144ska 9-49<\/td>\n<\/tr>\n<tr>\n<td width=\"102\">18 stycznia<\/td>\n<td width=\"110\">sobota<\/td>\n<td width=\"523\">Grabiszy\u0144ska 53-131, 2-16<\/td>\n<\/tr>\n<tr>\n<td width=\"102\">19 stycznia<\/td>\n<td width=\"110\">niedziela<\/td>\n<td width=\"523\">&#8211;<\/td>\n<\/tr>\n<tr>\n<td width=\"102\">20 stycznia<\/td>\n<td width=\"110\">poniedzia\u0142ek<\/td>\n<td width=\"523\">Grabiszy\u0144ska 18-90<\/td>\n<\/tr>\n<tr>\n<td width=\"102\">21 stycznia<\/td>\n<td width=\"110\">wtorek<\/td>\n<td width=\"523\">Grabiszy\u0144ska 92-146<\/td>\n<\/tr>\n<tr>\n<td width=\"102\">22 stycznia<\/td>\n<td width=\"110\">\u015broda<\/td>\n<td width=\"523\">Grabiszy\u0144ska 148-170; Prosta 2-14; Kolejowa 57-61;<br \/>\nSzpitalna 3-5, 2<\/td>\n<\/tr>\n<tr>\n<td width=\"102\">23 stycznia<\/td>\n<td width=\"110\">czwartek<\/td>\n<td width=\"523\">Szpitalna 4-6; Zdrowa 7-29, 2-24; Wysoka 3-13, 4;<br \/>\nPochy\u0142a 1-19<\/td>\n<\/tr>\n<tr>\n<td width=\"102\">24 stycznia<\/td>\n<td width=\"110\">pi\u0105tek<\/td>\n<td width=\"523\">Pochy\u0142a 21-23, 8-16; T\u0119czowa 29A-105<\/td>\n<\/tr>\n<tr>\n<td width=\"102\">25 stycznia<\/td>\n<td width=\"110\">sobota<\/td>\n<td width=\"523\">T\u0119czowa 24-82E; Stalowa 11-63<\/td>\n<\/tr>\n<tr>\n<td width=\"102\">26 stycznia<\/td>\n<td width=\"110\">niedziela<\/td>\n<td width=\"523\">&#8211;<\/td>\n<\/tr>\n<tr>\n<td width=\"102\">27 stycznia<\/td>\n<td width=\"110\">poniedzia\u0142ek<\/td>\n<td width=\"523\">Stalowa 65-93, 52-88<\/td>\n<\/tr>\n<tr>\n<td width=\"102\">28 stycznia<\/td>\n<td width=\"110\">wtorek<\/td>\n<td width=\"523\">Stalowa 90-92A; Spi\u017cowa 1-17A<\/td>\n<\/tr>\n<tr>\n<td width=\"102\">29 stycznia<\/td>\n<td width=\"110\">\u015broda<\/td>\n<td width=\"523\">Spi\u017cowa 19-21A, 2-34; Mosi\u0119\u017cna 1-7<\/td>\n<\/tr>\n<tr>\n<td width=\"102\">30 stycznia<\/td>\n<td width=\"110\">czwartek<\/td>\n<td width=\"523\">Mosi\u0119\u017cna 9-35, 4-20; Manganowa 4-9; Br\u0105zowa1-5, 4-8<\/td>\n<\/tr>\n<tr>\n<td width=\"102\">31 stycznia<\/td>\n<td width=\"110\">pi\u0105tek<\/td>\n<td width=\"523\">Miedziana<\/td>\n<\/tr>\n<\/tbody>\n<\/table>\n","protected":false},"excerpt":{"rendered":"<p>&nbsp; 3 stycznia pi\u0105tek Plac Srebrny; Cynowa; Niklowa 1-7 4 stycznia sobota Niklowa 2-8; Oporowska; K\u0142o\u015bna 1-15, 4 5 stycznia niedziela &#8211; 6 stycznia poniedzia\u0142ek &#8211; 7 stycznia wtorek K\u0142o\u015bna 6-8\/10; O\u0142owiana; Grochowa 25-31, 24-34; \u017belazna 37 8 stycznia \u015broda \u017belazna 39\/41-55, 38-56 9 stycznia czwartek \u017belazna 58-78; Szcz\u0119\u015bliwa 1- 21 10 stycznia pi\u0105tek Szcz\u0119\u015bliwa [&hellip;]<\/p>\n","protected":false},"author":2,"featured_media":0,"parent":0,"menu_order":0,"comment_status":"closed","ping_status":"closed","template":"","meta":{"ngg_post_thumbnail":0},"_links":{"self":[{"href":"http:\/\/elzbieta.org\/index.php?rest_route=\/wp\/v2\/pages\/17509"}],"collection":[{"href":"http:\/\/elzbieta.org\/index.php?rest_route=\/wp\/v2\/pages"}],"about":[{"href":"http:\/\/elzbieta.org\/index.php?rest_route=\/wp\/v2\/types\/page"}],"author":[{"embeddable":true,"href":"http:\/\/elzbieta.org\/index.php?rest_route=\/wp\/v2\/users\/2"}],"replies":[{"embeddable":true,"href":"http:\/\/elzbieta.org\/index.php?rest_route=%2Fwp%2Fv2%2Fcomments&post=17509"}],"version-history":[{"count":1,"href":"http:\/\/elzbieta.org\/index.php?rest_route=\/wp\/v2\/pages\/17509\/revisions"}],"predecessor-version":[{"id":17510,"href":"http:\/\/elzbieta.org\/index.php?rest_route=\/wp\/v2\/pages\/17509\/revisions\/17510"}],"wp:attachment":[{"href":"http:\/\/elzbieta.org\/index.php?rest_route=%2Fwp%2Fv2%2Fmedia&parent=17509"}],"curies":[{"name":"wp","href":"https:\/\/api.w.org\/{rel}","templated":true}]}}