{"id":17555,"date":"2025-05-17T19:25:02","date_gmt":"2025-05-17T17:25:02","guid":{"rendered":"http:\/\/elzbieta.org\/?page_id=17555"},"modified":"2025-09-20T22:59:20","modified_gmt":"2025-09-20T20:59:20","slug":"ogloszenia-duszpasterskie","status":"publish","type":"page","link":"http:\/\/elzbieta.org\/?page_id=17555","title":{"rendered":"Og\u0142oszenia duszpasterskie"},"content":{"rendered":"<p style=\"text-align: center;\"><span style=\"font-size: 36px; color: #003300;\"><strong>25 Niedziela Zwyk\u0142a<br \/>\n<\/strong><\/span><span style=\"color: #003300;\"><strong>21 wrze\u015bnia 2025<\/strong><\/span><\/p>\n<ol>\n<li><a href=\"http:\/\/swietaelzbieta.pl\" target=\"_blank\" rel=\"noopener\">Zapraszamy na now\u0105 stron\u0119 internetow\u0105 parafii<\/a><\/li>\n<li>Wraz z nowym rokiem szkolnym w naszej parafii rozpocz\u0119li\u015bmy przygotowanie do I Komunii \u015awi\u0119tej.<\/li>\n<\/ol>\n<ul>\n<li>By\u0142y ju\u017c spotkania organizacyjne z rodzicami \u2013 w trzech grupach.<\/li>\n<li>Dzisiaj o godz. 15.00 b\u0119dzie katecheza dla pierwszej grupy dzieci i rodzic\u00f3w. S\u0105 to dzieci klas trzecich ze Szko\u0142y Podstawowej nr 68, dzieci kl. 3c ze Szko\u0142y Podstawowej nr 97 oraz rodzice tych dzieci.<\/li>\n<li>W przysz\u0142\u0105 niedziel\u0119 b\u0119dzie katecheza dla drugiej grupy dzieci i rodzic\u00f3w. S\u0105 to dzieci ze Szko\u0142y Podstawowej nr 43, dzieci z kl. 3a i 3b ze Szko\u0142y Podstawowej nr 97 oraz rodzice tych dzieci.<\/li>\n<li>Istotnym elementem przygotowania do I Komunii \u015awi\u0119tej jest systematyczny udzia\u0142 dzieci w niedzielnej Mszy \u015awi\u0119tej o godz. 11.00 oraz udzia\u0142 w katechezie sakramentalnej jeden raz w miesi\u0105cu.<\/li>\n<\/ul>\n<ol start=\"2\">\n<li>W naszej parafii rozpocz\u0119li\u015bmy r\u00f3wnie\u017c przygotowanie m\u0142odzie\u017cy do sakramentu bierzmowania.<\/li>\n<\/ol>\n<ul>\n<li>By\u0142y ju\u017c spotkania organizacyjne z rodzicami \u2013 w trzech grupach,<\/li>\n<li>Rodzice zg\u0142osili ju\u017c pisemnie swoje dzieci na przygotowanie do bierzmowania.<\/li>\n<li>Odby\u0142y si\u0119 ju\u017c pierwsze katechezy dla m\u0142odzie\u017cy \u2013 w trzech grupach.<\/li>\n<li>Przygotowanie do bierzmowania trwa 3 lata i obejmuje m\u0142odzie\u017c klas sz\u00f3stych, si\u00f3dmych i \u00f3smych. Istotnym elementem przygotowania do bierzmowania jest systematyczny udzia\u0142 m\u0142odzie\u017cy w niedzielnej Mszy \u015awi\u0119tej o godz. 12.30 oraz udzia\u0142 w katechezie sakramentalnej jeden raz w miesi\u0105cu.<\/li>\n<\/ul>\n<ol start=\"3\">\n<li>Dla dzieci klas czwartych i pi\u0105tych \u2013 po I Komunii \u015awi\u0119tej a przed przygotowaniem do bierzmowania \u2013 realizujemy projekt duszpasterski \u201e7 Minut dla Jezusa\u201d. Stanowi\u0105 go kr\u00f3tkie katechezy po ka\u017cdej niedzielnej Mszy \u015awi\u0119tej dla dzieci.<\/li>\n<li>Do wszystkich dzieci i rodzic\u00f3w naszej parafii adresujemy te\u017c specjalny projekt duszpasterski \u201eIdziemy do KO\u015aCIO\u0141A\u201d. Pomoc\u0105 w jego realizacji jest nasz parafialny Album Kolekcjonerski. Warto, aby wszystkie dzieci mia\u0142y t\u0119 pomoc duszpastersk\u0105 i korzysta\u0142y z tego, co jest w nim zamieszczone. Album mo\u017cna jeszcze naby\u0107 w naszym kiosku.<\/li>\n<li>W tym tygodniu przypada ostatni czwartek miesi\u0105ca. Jest to dzie\u0144, w kt\u00f3rym w naszej parafii odbywa si\u0119 spotkanie Ko\u0142a Przyjaci\u00f3\u0142 Radia Maryja;<\/li>\n<\/ol>\n<ul>\n<li>o godz. 17.45 \u2013 modlitwa r\u00f3\u017ca\u0144cowa,<\/li>\n<li>o godz. 18.30 \u2013 Msza \u015awi\u0119ta w intencjach Ojczyzny, Ko\u015bcio\u0142a i Radia Maryja,<\/li>\n<li>po Mszy \u015awi\u0119tej \u2013 spotkanie formacyjne w du\u017cej salce.<\/li>\n<\/ul>\n","protected":false},"excerpt":{"rendered":"<p>25 Niedziela Zwyk\u0142a 21 wrze\u015bnia 2025 Zapraszamy na now\u0105 stron\u0119 internetow\u0105 parafii Wraz z nowym rokiem szkolnym w naszej parafii rozpocz\u0119li\u015bmy przygotowanie do I Komunii \u015awi\u0119tej. By\u0142y ju\u017c spotkania organizacyjne z rodzicami \u2013 w trzech grupach. Dzisiaj o godz. 15.00 b\u0119dzie katecheza dla pierwszej grupy dzieci i rodzic\u00f3w. S\u0105 to dzieci klas trzecich ze Szko\u0142y [&hellip;]<\/p>\n","protected":false},"author":2,"featured_media":0,"parent":0,"menu_order":0,"comment_status":"closed","ping_status":"closed","template":"","meta":{"ngg_post_thumbnail":0},"_links":{"self":[{"href":"http:\/\/elzbieta.org\/index.php?rest_route=\/wp\/v2\/pages\/17555"}],"collection":[{"href":"http:\/\/elzbieta.org\/index.php?rest_route=\/wp\/v2\/pages"}],"about":[{"href":"http:\/\/elzbieta.org\/index.php?rest_route=\/wp\/v2\/types\/page"}],"author":[{"embeddable":true,"href":"http:\/\/elzbieta.org\/index.php?rest_route=\/wp\/v2\/users\/2"}],"replies":[{"embeddable":true,"href":"http:\/\/elzbieta.org\/index.php?rest_route=%2Fwp%2Fv2%2Fcomments&post=17555"}],"version-history":[{"count":18,"href":"http:\/\/elzbieta.org\/index.php?rest_route=\/wp\/v2\/pages\/17555\/revisions"}],"predecessor-version":[{"id":17603,"href":"http:\/\/elzbieta.org\/index.php?rest_route=\/wp\/v2\/pages\/17555\/revisions\/17603"}],"wp:attachment":[{"href":"http:\/\/elzbieta.org\/index.php?rest_route=%2Fwp%2Fv2%2Fmedia&parent=17555"}],"curies":[{"name":"wp","href":"https:\/\/api.w.org\/{rel}","templated":true}]}}