{"id":18,"date":"2016-02-11T13:32:33","date_gmt":"2016-02-11T12:32:33","guid":{"rendered":"http:\/\/swelzbiety.archidiecezja.wroc.pl\/\/?page_id=18"},"modified":"2025-02-16T06:20:12","modified_gmt":"2025-02-16T05:20:12","slug":"kancelaria-parafialna","status":"publish","type":"page","link":"http:\/\/elzbieta.org\/?page_id=18","title":{"rendered":"Kontakt"},"content":{"rendered":"<p style=\"text-align: center;\"><span style=\"font-family: tahoma,arial,helvetica,sans-serif; font-size: 14px; color: #ff0000;\"><strong>Kancelaria parafialna czynna:<\/strong><\/span><\/p>\n<p style=\"text-align: center;\"><span style=\"font-family: tahoma, arial, helvetica, sans-serif; font-size: 14px;\">we wtorek w godzinach od 10.00 do 11.00<br \/>\n<\/span><\/p>\n<p style=\"text-align: center;\"><span style=\"font-family: tahoma, arial, helvetica, sans-serif; font-size: 14px;\">w \u015brod\u0119 w godzinach od 16.00 do 17.00<\/span><\/p>\n<p>&nbsp;<\/p>\n<p style=\"text-align: center;\"><span style=\"font-family: tahoma,arial,helvetica,sans-serif; font-size: 14px; color: #ff0000;\"><strong>Dane kontaktowe parafii:<br \/>\n<\/strong><span style=\"color: #333333; font-weight: inherit;\">ul. Grabiszy\u0144ska 103<br \/>\n<\/span><span style=\"color: #333333; font-weight: inherit;\">53-439 Wroc\u0142aw<br \/>\n<\/span><span style=\"color: #333333; font-weight: inherit;\">tel. 71 783-37-94<br \/>\n<\/span><\/span><span style=\"font-family: tahoma, arial, helvetica, sans-serif; font-size: 14px;\">e-mail: swelzbieta@pro.onet.pl<br \/>\n<\/span><span style=\"font-family: tahoma, arial, helvetica, sans-serif; font-size: 14px;\">e-mail ks. proboszcza: jastrzebski_j@op.pl<br \/>\n<\/span><span style=\"font-family: tahoma, arial, helvetica, sans-serif; font-size: 14px;\">facebook: parafia.swelzbieta<br \/>\n<\/span><\/p>\n<p style=\"text-align: center;\"><span style=\"color: #ff0000;\"><strong><span style=\"font-family: tahoma,arial,helvetica,sans-serif; font-size: 14px;\">Kapelan szpitala przy ul. Grabiszy\u0144skiej:&nbsp;<br \/>\n<\/span><\/strong><span style=\"font-family: tahoma, arial, helvetica, sans-serif; font-size: 14px; color: #333333; font-weight: inherit;\">Ks. Tomasz Olszewski tel.: 609 760 604.<\/span><\/span><\/p>\n<p style=\"text-align: center;\"><span style=\"font-family: tahoma,arial,helvetica,sans-serif; color: #ff0000; font-size: 14px;\"><strong>Konto bankowe parafii:&nbsp;<br \/>\n<\/strong><\/span><span style=\"font-size: 16px; font-family: tahoma, arial, helvetica, sans-serif;\">78 1020 5242 0000 2902 0137 7571<\/span><\/p>\n","protected":false},"excerpt":{"rendered":"<p>Kancelaria parafialna czynna: we wtorek w godzinach od 10.00 do 11.00 w \u015brod\u0119 w godzinach od 16.00 do 17.00 &nbsp; Dane kontaktowe parafii: ul. Grabiszy\u0144ska 103 53-439 Wroc\u0142aw tel. 71 783-37-94 e-mail: swelzbieta@pro.onet.pl e-mail ks. proboszcza: jastrzebski_j@op.pl facebook: parafia.swelzbieta Kapelan szpitala przy ul. Grabiszy\u0144skiej:&nbsp; Ks. Tomasz Olszewski tel.: 609 760 604. Konto bankowe parafii:&nbsp; 78 [&hellip;]<\/p>\n","protected":false},"author":1,"featured_media":950,"parent":0,"menu_order":0,"comment_status":"closed","ping_status":"closed","template":"","meta":{"ngg_post_thumbnail":0},"_links":{"self":[{"href":"http:\/\/elzbieta.org\/index.php?rest_route=\/wp\/v2\/pages\/18"}],"collection":[{"href":"http:\/\/elzbieta.org\/index.php?rest_route=\/wp\/v2\/pages"}],"about":[{"href":"http:\/\/elzbieta.org\/index.php?rest_route=\/wp\/v2\/types\/page"}],"author":[{"embeddable":true,"href":"http:\/\/elzbieta.org\/index.php?rest_route=\/wp\/v2\/users\/1"}],"replies":[{"embeddable":true,"href":"http:\/\/elzbieta.org\/index.php?rest_route=%2Fwp%2Fv2%2Fcomments&post=18"}],"version-history":[{"count":16,"href":"http:\/\/elzbieta.org\/index.php?rest_route=\/wp\/v2\/pages\/18\/revisions"}],"predecessor-version":[{"id":17527,"href":"http:\/\/elzbieta.org\/index.php?rest_route=\/wp\/v2\/pages\/18\/revisions\/17527"}],"wp:featuredmedia":[{"embeddable":true,"href":"http:\/\/elzbieta.org\/index.php?rest_route=\/wp\/v2\/media\/950"}],"wp:attachment":[{"href":"http:\/\/elzbieta.org\/index.php?rest_route=%2Fwp%2Fv2%2Fmedia&parent=18"}],"curies":[{"name":"wp","href":"https:\/\/api.w.org\/{rel}","templated":true}]}}