{"id":20,"date":"2016-02-11T13:37:27","date_gmt":"2016-02-11T12:37:27","guid":{"rendered":"http:\/\/swelzbiety.archidiecezja.wroc.pl\/\/?page_id=20"},"modified":"2025-09-20T23:02:30","modified_gmt":"2025-09-20T21:02:30","slug":"msze-swiete-i-nabozenstwa","status":"publish","type":"page","link":"http:\/\/elzbieta.org\/?page_id=20","title":{"rendered":"Msze \u015bwi\u0119te"},"content":{"rendered":"<p><strong><span style=\"font-family: arial black,sans-serif; color: #ff0000;\">PORZ\u0104DEK MSZY \u015aWI\u0118TYCH:<\/span><\/strong><\/p>\n<p><span style=\"font-family: tahoma,arial,helvetica,sans-serif; font-size: 14px; color: #003366;\"><strong>W dni powszednie:<br \/>\n<\/strong><span style=\"font-family: tahoma,arial,helvetica,sans-serif; font-size: 14px;\">6.30,&nbsp;<span style=\"line-height: 1.5;\">7.30<\/span><\/span><span style=\"font-family: tahoma,arial,helvetica,sans-serif; font-size: 14px;\"><span style=\"line-height: 1.5;\">,<\/span><\/span><span style=\"font-family: tahoma,arial,helvetica,sans-serif; font-size: 14px;\"> <span style=\"line-height: 1.5;\">18.30<\/span><\/span><strong><br \/>\n<\/strong><\/span><\/p>\n<p><span style=\"font-family: tahoma,arial,helvetica,sans-serif; font-size: 14px; color: #003366;\"><strong>W niedziele:<br \/>\n<\/strong><span style=\"font-family: tahoma,arial,helvetica,sans-serif; font-size: 14px;\">7.00, 8.15, 9.30, 11.00 (dzieci), 12.30 (m\u0142odzie\u017c), 14.00, <\/span><span style=\"font-family: tahoma,arial,helvetica,sans-serif; font-size: 14px;\">18.30, 20.00;&nbsp;<\/span><\/span><\/p>\n<p><span style=\"color: #003366;\"><strong><span style=\"font-family: tahoma,arial,helvetica,sans-serif; font-size: 14px;\">W lipcu i w sierpniu w niedziele:<br \/>\n<\/span><\/strong><\/span><span style=\"font-family: tahoma,arial,helvetica,sans-serif; font-size: 14px;\">nie ma Mszy \u015bw. o godz. 14.00<br \/>\n<\/span><\/p>\n<hr>\n<p><span style=\"font-size: 14px; font-family: tahoma,arial,helvetica,sans-serif; color: #ff0000;\"><strong>SPOWIED\u0179<br \/>\n<\/strong><span style=\"color: #333333; font-weight: inherit;\">podczas ka\u017cdej Mszy \u015bwi\u0119tej.<\/span><\/span><\/p>\n<hr>\n<p>&nbsp;<\/p>\n<p>&nbsp;<\/p>\n","protected":false},"excerpt":{"rendered":"<p>PORZ\u0104DEK MSZY \u015aWI\u0118TYCH: W dni powszednie: 6.30,&nbsp;7.30, 18.30 W niedziele: 7.00, 8.15, 9.30, 11.00 (dzieci), 12.30 (m\u0142odzie\u017c), 14.00, 18.30, 20.00;&nbsp; W lipcu i w sierpniu w niedziele: nie ma Mszy \u015bw. o godz. 14.00 SPOWIED\u0179 podczas ka\u017cdej Mszy \u015bwi\u0119tej. &nbsp; &nbsp;<\/p>\n","protected":false},"author":1,"featured_media":14628,"parent":0,"menu_order":0,"comment_status":"closed","ping_status":"closed","template":"","meta":{"ngg_post_thumbnail":0},"_links":{"self":[{"href":"http:\/\/elzbieta.org\/index.php?rest_route=\/wp\/v2\/pages\/20"}],"collection":[{"href":"http:\/\/elzbieta.org\/index.php?rest_route=\/wp\/v2\/pages"}],"about":[{"href":"http:\/\/elzbieta.org\/index.php?rest_route=\/wp\/v2\/types\/page"}],"author":[{"embeddable":true,"href":"http:\/\/elzbieta.org\/index.php?rest_route=\/wp\/v2\/users\/1"}],"replies":[{"embeddable":true,"href":"http:\/\/elzbieta.org\/index.php?rest_route=%2Fwp%2Fv2%2Fcomments&post=20"}],"version-history":[{"count":11,"href":"http:\/\/elzbieta.org\/index.php?rest_route=\/wp\/v2\/pages\/20\/revisions"}],"predecessor-version":[{"id":17604,"href":"http:\/\/elzbieta.org\/index.php?rest_route=\/wp\/v2\/pages\/20\/revisions\/17604"}],"wp:featuredmedia":[{"embeddable":true,"href":"http:\/\/elzbieta.org\/index.php?rest_route=\/wp\/v2\/media\/14628"}],"wp:attachment":[{"href":"http:\/\/elzbieta.org\/index.php?rest_route=%2Fwp%2Fv2%2Fmedia&parent=20"}],"curies":[{"name":"wp","href":"https:\/\/api.w.org\/{rel}","templated":true}]}}