{"id":301,"date":"2016-03-02T12:20:50","date_gmt":"2016-03-02T11:20:50","guid":{"rendered":"http:\/\/swelzbiety.archidiecezja.wroc.pl\/?page_id=301"},"modified":"2021-04-23T15:56:43","modified_gmt":"2021-04-23T13:56:43","slug":"chrzest","status":"publish","type":"page","link":"http:\/\/elzbieta.org\/?page_id=301","title":{"rendered":"Chrzest"},"content":{"rendered":"<ol>\n<li>Sakrament chrztu \u015bwi\u0119tego w naszej parafii jest udzielany<\/li>\n<\/ol>\n<ul>\n<li>w pierwsz\u0105 i ostatni\u0105 niedziel\u0119 miesi\u0105ca oraz w pierwszy i drugi dzie\u0144 \u015bwi\u0105t Bo\u017cego Narodzenia i Wielkanocy,<\/li>\n<li>w czasie Mszy \u015bw. o godz. 12.30.<\/li>\n<\/ul>\n<ol start=\"2\">\n<li>W ramach przygotowania do chrztu prowadzone s\u0105 dwie katechezy dla rodzic\u00f3w i chrzestnych<\/li>\n<\/ol>\n<ul>\n<li>w dwa wyznaczone czwartki<\/li>\n<li>o godz. 19.30<\/li>\n<\/ul>\n<ol start=\"3\">\n<li>Tematy katechez:<\/li>\n<\/ol>\n<ul>\n<li>Istota sakramentu chrztu i rola rodzic\u00f3w jako pierwszych wychowawc\u00f3w dziecka.<\/li>\n<li>Liturgia chrztu \u015bwi\u0119tego.<\/li>\n<\/ul>\n<ol start=\"5\">\n<li>Po uko\u0144czeniu katechez rodzice dziecka zg\u0142aszaj\u0105 si\u0119 do kancelarii parafialnej<\/li>\n<\/ol>\n<ul>\n<li>z Aktem Urodzenia dziecka (do wgl\u0105du),<\/li>\n<li>z podstawowymi danymi&nbsp;rodzic\u00f3w chrzestnych (nazwisko i imi\u0119, data urodzenia i adres zamieszkania),<\/li>\n<li>z za\u015bwiadczeniami rodzic\u00f3w chrzestnych z parafii ich zamieszkania o braku przeszk\u00f3d w podj\u0119ciu roli chrzestnych. (Dotyczy rodzic\u00f3w chrzestnych zamieszkuj\u0105cych poza parafi\u0105 \u015bw. El\u017cbiety we Wroc\u0142awiu. Za\u015bwiadczenie mo\u017ce by\u0107 dostarczone w p\u00f3\u017aniejszym czasie.)<\/li>\n<\/ul>\n<ol start=\"6\">\n<li>Rodziny spoza parafii, kt\u00f3re chcia\u0142yby, aby chrzest ich dziecka odby\u0142 si\u0119 w naszym ko\u015bciele, przed rozpocz\u0119ciem formalno\u015bci powinny powiadomi\u0107 o tym proboszcza swojej parafii i uzyska\u0107 pisemn\u0105 zgod\u0119.<\/li>\n<\/ol>\n","protected":false},"excerpt":{"rendered":"<p>Sakrament chrztu \u015bwi\u0119tego w naszej parafii jest udzielany w pierwsz\u0105 i ostatni\u0105 niedziel\u0119 miesi\u0105ca oraz w pierwszy i drugi dzie\u0144 \u015bwi\u0105t Bo\u017cego Narodzenia i Wielkanocy, w czasie Mszy \u015bw. o godz. 12.30. W ramach przygotowania do chrztu prowadzone s\u0105 dwie katechezy dla rodzic\u00f3w i chrzestnych w dwa wyznaczone czwartki o godz. 19.30 Tematy katechez: Istota [&hellip;]<\/p>\n","protected":false},"author":1,"featured_media":0,"parent":0,"menu_order":0,"comment_status":"closed","ping_status":"closed","template":"","meta":{"ngg_post_thumbnail":0},"_links":{"self":[{"href":"http:\/\/elzbieta.org\/index.php?rest_route=\/wp\/v2\/pages\/301"}],"collection":[{"href":"http:\/\/elzbieta.org\/index.php?rest_route=\/wp\/v2\/pages"}],"about":[{"href":"http:\/\/elzbieta.org\/index.php?rest_route=\/wp\/v2\/types\/page"}],"author":[{"embeddable":true,"href":"http:\/\/elzbieta.org\/index.php?rest_route=\/wp\/v2\/users\/1"}],"replies":[{"embeddable":true,"href":"http:\/\/elzbieta.org\/index.php?rest_route=%2Fwp%2Fv2%2Fcomments&post=301"}],"version-history":[{"count":11,"href":"http:\/\/elzbieta.org\/index.php?rest_route=\/wp\/v2\/pages\/301\/revisions"}],"predecessor-version":[{"id":16204,"href":"http:\/\/elzbieta.org\/index.php?rest_route=\/wp\/v2\/pages\/301\/revisions\/16204"}],"wp:attachment":[{"href":"http:\/\/elzbieta.org\/index.php?rest_route=%2Fwp%2Fv2%2Fmedia&parent=301"}],"curies":[{"name":"wp","href":"https:\/\/api.w.org\/{rel}","templated":true}]}}