{"id":303,"date":"2016-03-02T12:21:25","date_gmt":"2016-03-02T11:21:25","guid":{"rendered":"http:\/\/swelzbiety.archidiecezja.wroc.pl\/?page_id=303"},"modified":"2022-09-10T08:18:41","modified_gmt":"2022-09-10T06:18:41","slug":"pierwsza-komunia-swieta","status":"publish","type":"page","link":"http:\/\/elzbieta.org\/?page_id=303","title":{"rendered":"Pierwsza Komunia \u015awi\u0119ta"},"content":{"rendered":"<p>&nbsp;<\/p>\n<hr>\n<p><strong><span style=\"color: #ff0000;\">Pierwsza Komunia \u015bwi\u0119ta w roku 2022:<\/span><\/strong><\/p>\n<p>14 maja 2023 dla dzieci z SP 97<\/p>\n<p>21 maja 2023 dla dzieci z SP 68&nbsp;<\/p>\n<p>28 maja 2023 dla dzieci z SP 43&nbsp;<\/p>\n<p>Dzieci z innych szk\u00f3\u0142 mog\u0105 do\u0142\u0105czy\u0107 do wybranej szko\u0142y z powy\u017cszych.<\/p>\n<p>&nbsp;<\/p>\n<p><strong>Osoba odpowiedzialna<\/strong> w parafii za przygotowanie:<\/p>\n<p>Proboszcz Ksi\u0105dz Janusz Jastrz\u0119bski &#8211; tel. 662 210 840, e-mail: j_jastrzebski@op.pl<\/p>\n<p>KATECHEZA WIZUALNA &#8211; LITURGIA EUCHARYSTYCZNA<\/p>\n<p><a href=\"https:\/\/view.genial.ly\/5eaed70147bad90d6e96dac4\/interactive-image-stol-chleba?fbclid=IwAR0XiLO9uw614oQbHbSDlWrGLVLfgKMV3koIpgiDyVC-aAETNcupC2bL8So\" target=\"_blank\" rel=\"nofollow noopener noreferrer\"><img decoding=\"async\" loading=\"lazy\" class=\"alignnone wp-image-15479\" src=\"http:\/\/elzbieta.org\/wp-content\/uploads\/2021\/01\/obrazek-widget-300x184.jpg\" alt=\"\" width=\"517\" height=\"317\" srcset=\"http:\/\/elzbieta.org\/wp-content\/uploads\/2021\/01\/obrazek-widget-300x184.jpg 300w, http:\/\/elzbieta.org\/wp-content\/uploads\/2021\/01\/obrazek-widget-1024x628.jpg 1024w, http:\/\/elzbieta.org\/wp-content\/uploads\/2021\/01\/obrazek-widget-150x92.jpg 150w, http:\/\/elzbieta.org\/wp-content\/uploads\/2021\/01\/obrazek-widget-768x471.jpg 768w, http:\/\/elzbieta.org\/wp-content\/uploads\/2021\/01\/obrazek-widget-1536x943.jpg 1536w, http:\/\/elzbieta.org\/wp-content\/uploads\/2021\/01\/obrazek-widget-2048x1257.jpg 2048w, http:\/\/elzbieta.org\/wp-content\/uploads\/2021\/01\/obrazek-widget-570x350.jpg 570w\" sizes=\"(max-width: 517px) 100vw, 517px\" \/><\/a><\/p>\n","protected":false},"excerpt":{"rendered":"<p>&nbsp; Pierwsza Komunia \u015bwi\u0119ta w roku 2022: 14 maja 2023 dla dzieci z SP 97 21 maja 2023 dla dzieci z SP 68&nbsp; 28 maja 2023 dla dzieci z SP 43&nbsp; Dzieci z innych szk\u00f3\u0142 mog\u0105 do\u0142\u0105czy\u0107 do wybranej szko\u0142y z powy\u017cszych. &nbsp; Osoba odpowiedzialna w parafii za przygotowanie: Proboszcz Ksi\u0105dz Janusz Jastrz\u0119bski &#8211; tel. [&hellip;]<\/p>\n","protected":false},"author":1,"featured_media":0,"parent":0,"menu_order":0,"comment_status":"closed","ping_status":"closed","template":"","meta":{"ngg_post_thumbnail":0},"_links":{"self":[{"href":"http:\/\/elzbieta.org\/index.php?rest_route=\/wp\/v2\/pages\/303"}],"collection":[{"href":"http:\/\/elzbieta.org\/index.php?rest_route=\/wp\/v2\/pages"}],"about":[{"href":"http:\/\/elzbieta.org\/index.php?rest_route=\/wp\/v2\/types\/page"}],"author":[{"embeddable":true,"href":"http:\/\/elzbieta.org\/index.php?rest_route=\/wp\/v2\/users\/1"}],"replies":[{"embeddable":true,"href":"http:\/\/elzbieta.org\/index.php?rest_route=%2Fwp%2Fv2%2Fcomments&post=303"}],"version-history":[{"count":13,"href":"http:\/\/elzbieta.org\/index.php?rest_route=\/wp\/v2\/pages\/303\/revisions"}],"predecessor-version":[{"id":16911,"href":"http:\/\/elzbieta.org\/index.php?rest_route=\/wp\/v2\/pages\/303\/revisions\/16911"}],"wp:attachment":[{"href":"http:\/\/elzbieta.org\/index.php?rest_route=%2Fwp%2Fv2%2Fmedia&parent=303"}],"curies":[{"name":"wp","href":"https:\/\/api.w.org\/{rel}","templated":true}]}}