{"id":307,"date":"2016-03-02T12:22:40","date_gmt":"2016-03-02T11:22:40","guid":{"rendered":"http:\/\/swelzbiety.archidiecezja.wroc.pl\/?page_id=307"},"modified":"2020-10-01T15:23:42","modified_gmt":"2020-10-01T13:23:42","slug":"malzenstwo","status":"publish","type":"page","link":"http:\/\/elzbieta.org\/?page_id=307","title":{"rendered":"Ma\u0142\u017ce\u0144stwo"},"content":{"rendered":"<p>Przygotowuj\u0105c si\u0119 do sakramentu ma\u0142\u017ce\u0144stwa, narzeczeni bior\u0105 udzia\u0142<\/p>\n<ul>\n<li>w 9 katechezach przed\u015blubnych,<\/li>\n<li>w 2 konsultacjach indywidualnych w poradni rodzinnej,<\/li>\n<li>w dniu skupienia dla narzeczonych.<\/li>\n<\/ul>\n<p><b>I. KATECHEZA PRZED\u015aLUBNA<\/b><\/p>\n<ol>\n<li>Katechezy&nbsp;odbywaj\u0105 si\u0119 w pi\u0105tki w godz. 19.30-20.30 w sali&nbsp;domu katechetycznego.<\/li>\n<li>W ci\u0105gu roku organizowane s\u0105 dwie serie katechez &#8211; wiosn\u0105 i jesieni\u0105.<\/li>\n<\/ol>\n<p style=\"text-align: center;\"><span style=\"font-family: times new roman,times,serif; font-size: 24px; background-color: #99ccff;\"><strong><span style=\"color: #003366;\">Najbli\u017cszy cykl katechez przed\u015blubnych<br \/>\nrozpocznie si\u0119&nbsp;<\/span><br \/>\n<span style=\"color: #003366;\">w pi\u0105tek 2 pa\u017adziernika 2020 roku<br \/>\no godz. 19.30.<\/span> <\/strong><\/span><\/p>\n<p><strong>II. KONSULTACJE INDYWIDUALNE W PORADNI RODZINNEJ<\/strong><\/p>\n<ol>\n<li>Przygotowanie do ma\u0142\u017ce\u0144stwa obejmuje tak\u017ce dwie konsultacje indywidualne&nbsp;w poradni rodzinnej.<\/li>\n<li>Na spotkania narzeczeni umawiaj\u0105 si\u0119 indywidualnie w czasie &nbsp;katechez.<\/li>\n<\/ol>\n<p><strong>III. DZIE\u0143 SKUPIENIA DLA NARZECZONYCH<\/strong><\/p>\n<ol>\n<li>Bli\u017csze informacje odno\u015bnie miejsca i czasu dnia skupienia dla narzeczonych b\u0119d\u0105 podane podczas katechez przed\u015blubnych.<\/li>\n<\/ol>\n<p><strong>Narzeczeni, kt\u00f3rzy chc\u0105 zawrze\u0107 sakrament ma\u0142\u017ce\u0144stwa w naszym ko\u015bciele, proszeni s\u0105 o zg\u0142oszenie si\u0119 do kancelarii parafialnej, aby zarezerwowa\u0107 termin \u015blubu i spisa\u0107 protok\u00f3\u0142. Do \u015blubu nale\u017cy skompletowa\u0107 nast\u0119puj\u0105ce dokumenty:<\/strong><\/p>\n<ul>\n<li>\u015bwiadectwa chrzt\u00f3w (&#8220;\u015bwie\u017co&#8221; pobrane),<\/li>\n<li>\u015bwiadectwa bierzmowania (<em>uwaga: najcz\u0119\u015bciej adnotacja o sakramencie bierzmowania figuruje na \u015bwiadectwie chrztu, nawet je\u017celi sakrament bierzmowania mia\u0142 miejsce w innej ni\u017c chrzest parafi<\/em>i),<\/li>\n<li>za\u015bwiadczenia o uko\u0144czeniu nauk dla narzeczonych i wizytach w poradni rodzinnej,<\/li>\n<li>w przypadku \u015blubu konkordatowego &#8211; za\u015bwiadczenie o braku przeszk\u00f3d cywilnych do zawarcia \u015blubu konkordatowego (druk, wsp\u00f3lny dla obojga narzeczonych, pobiera si\u0119 w&nbsp; Urz\u0119dzie Stanu Cywilnego nie wcze\u015bniej ni\u017c 3 miesi\u0105ce przed \u015blubem).<\/li>\n<\/ul>\n","protected":false},"excerpt":{"rendered":"<p>Przygotowuj\u0105c si\u0119 do sakramentu ma\u0142\u017ce\u0144stwa, narzeczeni bior\u0105 udzia\u0142 w 9 katechezach przed\u015blubnych, w 2 konsultacjach indywidualnych w poradni rodzinnej, w dniu skupienia dla narzeczonych. I. KATECHEZA PRZED\u015aLUBNA Katechezy&nbsp;odbywaj\u0105 si\u0119 w pi\u0105tki w godz. 19.30-20.30 w sali&nbsp;domu katechetycznego. W ci\u0105gu roku organizowane s\u0105 dwie serie katechez &#8211; wiosn\u0105 i jesieni\u0105. Najbli\u017cszy cykl katechez przed\u015blubnych rozpocznie si\u0119&nbsp; [&hellip;]<\/p>\n","protected":false},"author":1,"featured_media":0,"parent":0,"menu_order":0,"comment_status":"closed","ping_status":"closed","template":"","meta":{"ngg_post_thumbnail":0},"_links":{"self":[{"href":"http:\/\/elzbieta.org\/index.php?rest_route=\/wp\/v2\/pages\/307"}],"collection":[{"href":"http:\/\/elzbieta.org\/index.php?rest_route=\/wp\/v2\/pages"}],"about":[{"href":"http:\/\/elzbieta.org\/index.php?rest_route=\/wp\/v2\/types\/page"}],"author":[{"embeddable":true,"href":"http:\/\/elzbieta.org\/index.php?rest_route=\/wp\/v2\/users\/1"}],"replies":[{"embeddable":true,"href":"http:\/\/elzbieta.org\/index.php?rest_route=%2Fwp%2Fv2%2Fcomments&post=307"}],"version-history":[{"count":7,"href":"http:\/\/elzbieta.org\/index.php?rest_route=\/wp\/v2\/pages\/307\/revisions"}],"predecessor-version":[{"id":14745,"href":"http:\/\/elzbieta.org\/index.php?rest_route=\/wp\/v2\/pages\/307\/revisions\/14745"}],"wp:attachment":[{"href":"http:\/\/elzbieta.org\/index.php?rest_route=%2Fwp%2Fv2%2Fmedia&parent=307"}],"curies":[{"name":"wp","href":"https:\/\/api.w.org\/{rel}","templated":true}]}}