{"id":339,"date":"2016-03-02T12:38:26","date_gmt":"2016-03-02T11:38:26","guid":{"rendered":"http:\/\/swelzbiety.archidiecezja.wroc.pl\/?page_id=339"},"modified":"2016-07-14T00:11:29","modified_gmt":"2016-07-13T22:11:29","slug":"biblioteka-parafialna","status":"publish","type":"page","link":"http:\/\/elzbieta.org\/?page_id=339","title":{"rendered":"Biblioteka Parafialna"},"content":{"rendered":"<p><span style=\"color: #ff0000;\">Godziny otwarcia:<\/span><\/p>\n<p>poniedzia\u0142ek &#8211; pi\u0105tek: 16.00 &#8211; 18.00<\/p>\n<p>lipiec i sierpie\u0144: wtorek i pi\u0105tek: 16.00 &#8211; 18.00<\/p>\n<p><span style=\"color: #ff0000;\">Historia:<\/span><\/p>\n<p>Otwarcia biblioteki parafialnej dokona\u0142 ks. Franciszek G\u0142\u00f3d wraz z grup\u0105 parafian 9 III 1977 r.<br \/>\nPierwsze ksi\u0105\u017cki pochodzi\u0142y z prywatnego zbioru ks. Romana Karapczy\u0144skiego. Nast\u0119pnie posypa\u0142y si\u0119 dary od naszych parafian oraz zakupy z funduszu parafialnego. Przez ten czas biblioteka bardzo si\u0119 wzbogaci\u0142a o nowe pomieszczenia i ksi\u0105\u017cki.<br \/>\nDzi\u015b nasz ksi\u0119gozbi\u00f3r liczy oko\u0142o osiemnastu tysi\u0119cy pozycji i ponad trzy tysi\u0105ce zewidencjonowanych czytelnik\u00f3w. W celu ewidencji ksi\u0105\u017cek zosta\u0142y za\u0142o\u017cone trzy katalogi: autorski, tytu\u0142owy i dzia\u0142owy. W naszej bibliotece i czytelni obowi\u0105zuje regulamin.<br \/>\nKorzystanie z biblioteki i czytelni jest bezp\u0142atne.<br \/>\nObecnie w bibliotece pracuje trzyna\u015bcie os\u00f3b: p. Bo\u017cena, p. Gra\u017cyna, p. El\u017cbieta, p. Krystyna, p. Leokadia, p. Lidia, p. Maria, p. Maryla, p. Miros\u0142awa, p. Miros\u0142awa, p. Roma, p. Wanda, p. Wojciech. Pe\u0142ni\u0105 dy\u017cury od poniedzia\u0142ku do pi\u0105tku od godziny 16.00 do 18.00, w okresie wakacyjnym dwa razy w tygodniu we wtorki i pi\u0105tki od godz. 16.00 do 18.00.<br \/>\nZesp\u00f3\u0142 biblioteczny pracuje bezinteresownie. Ze wzgl\u0119du na stan zdrowia musia\u0142a zrezygnowa\u0107 z pracy w Bibliotece p. Ola Marciniak, wieloletnia kierowniczka biblioteki, nazwana przez nas &#8220;matk\u0105 biblioteki&#8221;. Przepracowa\u0142a w niej 20 lat.<\/p>\n<p><strong>Serdecznie zapraszamy naszych parafian, w szczeg\u00f3lno\u015bci m\u0142odzie\u017c i dzieci, do korzystania z naszej wypo\u017cyczalni i czytelni. <\/strong><\/p>\n<p>Mariola Gajewska<\/p>\n","protected":false},"excerpt":{"rendered":"<p>Godziny otwarcia: poniedzia\u0142ek &#8211; pi\u0105tek: 16.00 &#8211; 18.00 lipiec i sierpie\u0144: wtorek i pi\u0105tek: 16.00 &#8211; 18.00 Historia: Otwarcia biblioteki parafialnej dokona\u0142 ks. Franciszek G\u0142\u00f3d wraz z grup\u0105 parafian 9 III 1977 r. Pierwsze ksi\u0105\u017cki pochodzi\u0142y z prywatnego zbioru ks. Romana Karapczy\u0144skiego. Nast\u0119pnie posypa\u0142y si\u0119 dary od naszych parafian oraz zakupy z funduszu parafialnego. Przez [&hellip;]<\/p>\n","protected":false},"author":1,"featured_media":0,"parent":0,"menu_order":0,"comment_status":"closed","ping_status":"closed","template":"","meta":{"ngg_post_thumbnail":0},"_links":{"self":[{"href":"http:\/\/elzbieta.org\/index.php?rest_route=\/wp\/v2\/pages\/339"}],"collection":[{"href":"http:\/\/elzbieta.org\/index.php?rest_route=\/wp\/v2\/pages"}],"about":[{"href":"http:\/\/elzbieta.org\/index.php?rest_route=\/wp\/v2\/types\/page"}],"author":[{"embeddable":true,"href":"http:\/\/elzbieta.org\/index.php?rest_route=\/wp\/v2\/users\/1"}],"replies":[{"embeddable":true,"href":"http:\/\/elzbieta.org\/index.php?rest_route=%2Fwp%2Fv2%2Fcomments&post=339"}],"version-history":[{"count":0,"href":"http:\/\/elzbieta.org\/index.php?rest_route=\/wp\/v2\/pages\/339\/revisions"}],"wp:attachment":[{"href":"http:\/\/elzbieta.org\/index.php?rest_route=%2Fwp%2Fv2%2Fmedia&parent=339"}],"curies":[{"name":"wp","href":"https:\/\/api.w.org\/{rel}","templated":true}]}}