{"id":6301,"date":"2017-02-16T20:49:54","date_gmt":"2017-02-16T19:49:54","guid":{"rendered":"http:\/\/elzbieta.org\/?page_id=6301"},"modified":"2023-10-21T17:08:17","modified_gmt":"2023-10-21T15:08:17","slug":"odnowa-w-duchu-swietym-2","status":"publish","type":"page","link":"http:\/\/elzbieta.org\/?page_id=6301","title":{"rendered":"Odnowa w Duchu \u015awi\u0119tym"},"content":{"rendered":"<p><img decoding=\"async\" loading=\"lazy\" class=\"size-full wp-image-6307 alignright\" src=\"http:\/\/elzbieta.org\/wp-content\/uploads\/2017\/02\/4d96fd_a13536c78ec043f0aab356316b794f07.png\" alt=\"4d96fd_a13536c78ec043f0aab356316b794f07\" width=\"99\" height=\"99\"><\/p>\n<p style=\"text-align: center;\"><span style=\"color: #ff0000; font-size: 32px;\"><strong>Wsp\u00f3lnota <em>&nbsp;<\/em>Odnowy w Duchu \u015awi\u0119tym<em><br \/>\n\u201eGETSEMANI\u201d <\/em><\/strong>&nbsp;<\/span><\/p>\n<p style=\"text-align: justify;\">Wsp\u00f3lnota powsta\u0142a w nurcie charyzmatycznego ruchu katolickiej odnowy wiary otwartego na nowy powiew Ducha \u015awi\u0119tego we wsp\u00f3\u0142czesnym \u015bwiecie. Naszym celem jest odczytywanie co m\u00f3wi Duch do Ko\u015bcio\u0142a i radosne odpowiadanie na to wezwanie w \u017cyciu prywatnym i wsp\u00f3lnotowym.<\/p>\n<p style=\"text-align: justify;\">Przez specyfik\u0119 ruchu charyzmatycznego do\u015bwiadczamy osobi\u015bcie Mi\u0142o\u015bci Bo\u017cej. Poznajemy te\u017c sw\u00f3j grzech, a &nbsp;przy pomocy Ducha \u015awi\u0119tego, staj\u0105c w Prawdzie, uznajemy, \u017ce tylko Jezus jest jedynym rozwi\u0105zaniem problemu oddzielenia cz\u0142owieka od Boga. Ka\u017cdy z nas uznaje w sercu i wyznaje publicznie Jezusa Chrystusa za swojego Pana i Zbawiciela. Uczymy si\u0119 poddawa\u0107 mu autentycznie nasze \u017cycie \u2013 cia\u0142o, dusz\u0119 i ducha.&nbsp; <strong>Modl\u0105c si\u0119, wzywamy Obecno\u015bci Ducha \u015awi\u0119tego<\/strong>, aby to On czyni\u0142 z nas uczni\u00f3w Jezusa i pomaga\u0142 by\u0107 Jego \u015bwiadkami, a tak\u017ce m\u00f3wi\u0107 innym o Bo\u017cej Mi\u0142o\u015bci. Duch \u015awi\u0119ty przemienia nasze my\u015blenie, ukazuje nam Prawd\u0119 o cz\u0142owieku, o Bogu i o \u015bwiecie zawart\u0105 w S\u0142owie Bo\u017cym. To On wlewa \u017cycie tam, gdzie jeste\u015bmy martwi i rozpala nasze serca wdzi\u0119czno\u015bci\u0105 i mi\u0142o\u015bci\u0105 do Pana.<\/p>\n<p style=\"text-align: justify;\">Nasze spotkania, ubogacane \u015bpiewem bardzo cz\u0119sto s\u0105 radosnym oddawaniem Jemu chwa\u0142y. Opr\u00f3cz modlitwy dzi\u0119kczynienia i uwielbienia, na naszych spotkaniach wstawiamy si\u0119 w r\u00f3\u017cnych sprawach, omadlamy nasz\u0105 parafi\u0119, Ojczyzn\u0119, miejsca, gdzie przebiega nasze \u017cycie oraz konkretne osoby.&nbsp;<\/p>\n<p style=\"text-align: justify;\">Pog\u0142\u0119biamy tak\u017ce nasz\u0105 wiedz\u0119 religijn\u0105. S\u0142u\u017cy temu systematyczna formacja, nauczania oparte s\u0105&nbsp; na S\u0142owie Bo\u017cym i Katechizmie Ko\u015bcio\u0142a Katolickiego. W ma\u0142ych grupach (jednorodnych wiekowo), kt\u00f3re s\u0105 cz\u0119\u015bci\u0105 naszych spotka\u0144, mamy mo\u017cliwo\u015b\u0107 dzielenia si\u0119 do\u015bwiadczeniem osobistego prze\u017cywania \u017cywej relacji z Jezusem oraz realnego dzia\u0142ania Boga w naszym \u017cyciu.<\/p>\n<p style=\"text-align: justify;\">Funkcjonujemy w strukturze parafialnej jako wsp\u00f3lnota modlitewno-formacyjno-ewangelizacyjna, w\u0142\u0105czaj\u0105c si\u0119 w \u017cycie parafii, ale tak\u017ce \u2013 wraz innymi wsp\u00f3lnotami &#8211; w ramach Koordynacji Katolickiej Odnowy w Duchu \u015awi\u0119tym w Archidiecezji Wroc\u0142awskiej, bior\u0105c udzia\u0142 w szerszych przedsi\u0119wzi\u0119ciach.<\/p>\n<p style=\"text-align: justify;\">WIZJA WSP\u00d3LNOTY &#8211; zwi\u0105zana ze S\u0142owami Jezusa, wypowiedzianymi do uczni\u00f3w w ogrodzie Getsemani przed m\u0119k\u0105: &#8211; <em>\u201eCzuwajcie i m\u00f3dlcie si\u0119\u2026\u201d&nbsp; <\/em>oraz&nbsp; &#8211;<em>\u201eWsta\u0144cie, chod\u017amy!\u201d<\/em><\/p>\n<p>MISJA w trzech wymiarach (modlitewnym, formacyjnym, ewangelizacyjnym).<\/p>\n<p>Wsp\u00f3lnota ma:<\/p>\n<ul>\n<li style=\"text-align: justify;\">U\u0142atwi\u0107 osobiste Spotkanie z Jezusem ka\u017cdemu z uczestnik\u00f3w wsp\u00f3lnoty, pom\u00f3c mu do\u015bwiadczy\u0107 zbawienia (pozna\u0107 Bo\u017c\u0105 Mi\u0142o\u015b\u0107) i nauczy\u0107 wielbi\u0107 Boga w Duchu i w Prawdzie (pog\u0142\u0119bia\u0107 relacj\u0119 z Bogiem). S\u0142u\u017cy temu do\u015bwiadczenie zwane \u201eChrztem w Duchu \u015awi\u0119tym\u201d czy \u201eWylaniem Ducha \u015awi\u0119tego\u201d.<\/li>\n<li style=\"text-align: justify;\">Formowa\u0107 ucznia &#8211; \u015bwiadka Jezusa, kt\u00f3ry b\u0119dzie prowadzi\u0142 \u017cycie zgodne ze S\u0142owem Bo\u017cym, coraz bardziej \u015bwiadome i coraz bardziej gorliwe.<\/li>\n<li style=\"text-align: justify;\">Przygotowa\u0107 i w\u0142\u0105cza\u0107 uczestnik\u00f3w do s\u0142u\u017cby w Ko\u015bciele (ucze\u0144 &#8211; \u015bwiadek ma stawa\u0107 si\u0119 ewangelizatorem w swoim \u015brodowisku \u017cycia prywatnego i we wsp\u00f3lnocie oraz z ni\u0105 &#8211; na zewn\u0105trz).<\/li>\n<\/ul>\n<p style=\"text-align: justify;\"><strong>Wsp\u00f3lnota ma charakter otwarty<\/strong> &#8211; mo\u017cna w\u0142\u0105czy\u0107 si\u0119 w dowolnym momencie i na czas wybrany przez siebie, cho\u0107 oczywi\u015bcie wskazane jest systematyczne uczestnictwo w spotkaniach, aby wzrasta\u0107 w Wierze, Nadziei i Mi\u0142o\u015bci. Brak ogranicze\u0144 wiekowych. Z rado\u015bci\u0105 powitamy ka\u017cdego, kto pragnie pog\u0142\u0119bi\u0107 sw\u0105 relacj\u0119 z Bogiem i do\u015bwiadczy\u0107 wsp\u00f3lnoty podobnych sobie ludzi poszukuj\u0105cych Pana.<\/p>\n<p><span style=\"color: #ff0000;\"><strong>Spotkania wsp\u00f3lnoty odbywaj\u0105 si\u0119 we WTORKI po wsp\u00f3lnej Eucharystii o godz. 18.30.&nbsp; &nbsp;<\/strong><\/span><\/p>\n<p><strong>ZAPRASZAMY<\/strong>, zw\u0142aszcza ludzi m\u0142odych!<\/p>\n","protected":false},"excerpt":{"rendered":"<p>Wsp\u00f3lnota &nbsp;Odnowy w Duchu \u015awi\u0119tym \u201eGETSEMANI\u201d &nbsp; Wsp\u00f3lnota powsta\u0142a w nurcie charyzmatycznego ruchu katolickiej odnowy wiary otwartego na nowy powiew Ducha \u015awi\u0119tego we wsp\u00f3\u0142czesnym \u015bwiecie. Naszym celem jest odczytywanie co m\u00f3wi Duch do Ko\u015bcio\u0142a i radosne odpowiadanie na to wezwanie w \u017cyciu prywatnym i wsp\u00f3lnotowym. Przez specyfik\u0119 ruchu charyzmatycznego do\u015bwiadczamy osobi\u015bcie Mi\u0142o\u015bci Bo\u017cej. Poznajemy te\u017c [&hellip;]<\/p>\n","protected":false},"author":2,"featured_media":0,"parent":0,"menu_order":0,"comment_status":"closed","ping_status":"closed","template":"","meta":{"ngg_post_thumbnail":0},"_links":{"self":[{"href":"http:\/\/elzbieta.org\/index.php?rest_route=\/wp\/v2\/pages\/6301"}],"collection":[{"href":"http:\/\/elzbieta.org\/index.php?rest_route=\/wp\/v2\/pages"}],"about":[{"href":"http:\/\/elzbieta.org\/index.php?rest_route=\/wp\/v2\/types\/page"}],"author":[{"embeddable":true,"href":"http:\/\/elzbieta.org\/index.php?rest_route=\/wp\/v2\/users\/2"}],"replies":[{"embeddable":true,"href":"http:\/\/elzbieta.org\/index.php?rest_route=%2Fwp%2Fv2%2Fcomments&post=6301"}],"version-history":[{"count":3,"href":"http:\/\/elzbieta.org\/index.php?rest_route=\/wp\/v2\/pages\/6301\/revisions"}],"predecessor-version":[{"id":17225,"href":"http:\/\/elzbieta.org\/index.php?rest_route=\/wp\/v2\/pages\/6301\/revisions\/17225"}],"wp:attachment":[{"href":"http:\/\/elzbieta.org\/index.php?rest_route=%2Fwp%2Fv2%2Fmedia&parent=6301"}],"curies":[{"name":"wp","href":"https:\/\/api.w.org\/{rel}","templated":true}]}}