{"id":7865,"date":"2017-09-07T16:04:24","date_gmt":"2017-09-07T14:04:24","guid":{"rendered":"http:\/\/elzbieta.org\/?page_id=7865"},"modified":"2018-01-05T16:23:33","modified_gmt":"2018-01-05T15:23:33","slug":"aureolki-ogloszenia","status":"publish","type":"page","link":"http:\/\/elzbieta.org\/?page_id=7865","title":{"rendered":"AUREOLKI. Og\u0142oszenia."},"content":{"rendered":"<p style=\"text-align: justify;\">W niedziel\u0119, 31 grudnia 2017 r. po Mszy \u015bw. o godz. 11.15 zapraszamy do sali na plebanii, gdzie b\u0119dzie mo\u017cna odebra\u0107 segregatory.<\/p>\n<p>Drugi termin odbioru segregator\u00f3w &#8211; niedziela, 7 stycznia 2018, po Mszy \u015bw. o godz. 11.15 w sali na plebanii.<\/p>\n<p>Og\u0142oszenie wynik\u00f3w i wr\u0119czenie upomink\u00f3w po zako\u0144czeniu I etapu konkursu odb\u0119dzie si\u0119 po feriach zimowych.<\/p>\n<p>W konkursie wzi\u0119\u0142o udzia\u0142 ponad 60 dzieci.<\/p>\n<p><img decoding=\"async\" loading=\"lazy\" class=\"alignnone wp-image-10376\" src=\"http:\/\/elzbieta.org\/wp-content\/uploads\/2017\/09\/rozdanie-segregator\u00f3w-1.jpg\" alt=\"rozdanie segregator\u00f3w 1\" width=\"404\" height=\"250\" srcset=\"http:\/\/elzbieta.org\/wp-content\/uploads\/2017\/09\/rozdanie-segregator\u00f3w-1.jpg 1032w, http:\/\/elzbieta.org\/wp-content\/uploads\/2017\/09\/rozdanie-segregator\u00f3w-1-300x185.jpg 300w, http:\/\/elzbieta.org\/wp-content\/uploads\/2017\/09\/rozdanie-segregator\u00f3w-1-768x475.jpg 768w, http:\/\/elzbieta.org\/wp-content\/uploads\/2017\/09\/rozdanie-segregator\u00f3w-1-1024x633.jpg 1024w\" sizes=\"(max-width: 404px) 100vw, 404px\" \/><\/p>\n<p><img decoding=\"async\" loading=\"lazy\" class=\"alignnone wp-image-10377\" src=\"http:\/\/elzbieta.org\/wp-content\/uploads\/2017\/09\/rozdanie-segregatpr\u00f3w-3.jpg\" alt=\"rozdanie segregatpr\u00f3w 3\" width=\"406\" height=\"231\" srcset=\"http:\/\/elzbieta.org\/wp-content\/uploads\/2017\/09\/rozdanie-segregatpr\u00f3w-3.jpg 854w, http:\/\/elzbieta.org\/wp-content\/uploads\/2017\/09\/rozdanie-segregatpr\u00f3w-3-300x171.jpg 300w, http:\/\/elzbieta.org\/wp-content\/uploads\/2017\/09\/rozdanie-segregatpr\u00f3w-3-768x437.jpg 768w\" sizes=\"(max-width: 406px) 100vw, 406px\" \/><\/p>\n<hr \/>\n<p>W ramach zako\u0144czenia I etapu konkursu zwi\u0105zanego z AUREOLKAMI od niedzieli 17 grudnia 2017 dzieci oddaj\u0105 segregatory. Segregatory mo\u017cna przynosi\u0107 jeszcze do 24 grudnia.<\/p>\n<p><img decoding=\"async\" loading=\"lazy\" class=\"alignnone wp-image-10301\" src=\"http:\/\/elzbieta.org\/wp-content\/uploads\/2017\/09\/DSC_0027.jpg\" alt=\"DSC_0027\" width=\"463\" height=\"308\" srcset=\"http:\/\/elzbieta.org\/wp-content\/uploads\/2017\/09\/DSC_0027.jpg 4512w, http:\/\/elzbieta.org\/wp-content\/uploads\/2017\/09\/DSC_0027-300x199.jpg 300w, http:\/\/elzbieta.org\/wp-content\/uploads\/2017\/09\/DSC_0027-768x511.jpg 768w, http:\/\/elzbieta.org\/wp-content\/uploads\/2017\/09\/DSC_0027-1024x681.jpg 1024w\" sizes=\"(max-width: 463px) 100vw, 463px\" \/><\/p>\n<hr \/>\n<p>&nbsp;<\/p>\n<p><span style=\"color: #ff0000; font-size: 20px;\">UWAGA! Ko\u0144czy si\u0119 I etap konkursu. <\/span><\/p>\n<p><span style=\"color: #ff0000; font-size: 20px;\">Oddajemy segregatory do sprawdzenia i policzenia punkt\u00f3w.<\/span><\/p>\n<p style=\"text-align: justify;\">Prosimy o przyniesienie w niedziel\u0119, 17 grudnia 2017 r. na Msz\u0119 \u015bw. o godz. 11.15 segregator\u00f3w z Aureolkami. Do segregator\u00f3w wk\u0142adamy Aureolki z niedziel a tak\u017ce z innych spotka\u0144 &#8211; ze \u015bw. Stanis\u0142awem Kostk\u0105, ze \u015bw. El\u017cbiet\u0105, ze \u015bw. Miko\u0142ajem, z Balu Wszystkich \u015awi\u0119tych. Wszystkie karty b\u0119d\u0105 punktowane.<\/p>\n<p style=\"text-align: justify;\">Wyniki I etapu zostan\u0105 og\u0142oszone z pocz\u0105tkiem stycznia. W\u00f3wczas b\u0119dzie mo\u017cna odebra\u0107 segregatory i nagrody. Szczeg\u00f3\u0142owe informacje zostan\u0105 podane w og\u0142oszeniach parafialnych i na stronie www.<\/p>\n<p><span style=\"color: #ff0000;\">Wa\u017cne!<\/span> Segregatory musz\u0105 by\u0107 podpisane. Mo\u017cna poda\u0107 telefon kontaktowy.<\/p>\n<p>Je\u015bli dziecko zbiera Aureolki, a nie posiada segregatora, prosimy o spakowanie i przekazanie Aureolek w innej formie.<\/p>\n<p>Segregatory s\u0105 do nabycia w kiosku parafialnym w cenie produkcji &#8211; 12 z\u0142.<\/p>\n<hr \/>\n<p>&nbsp;<\/p>\n<p>W ramach projektu AUREOLKI zapraszamy na R\u00f3\u017caniec ze \u015bwi\u0119tymi z naszego ko\u015bcio\u0142a.<\/p>\n<p>Od poniedzia\u0142ku do pi\u0105tku o godz. 17.30. Specjalne karty i naklejki. Dla aktywnych niespodzianki. Karty zbieramy w segregatorze.<\/p>\n<p><img decoding=\"async\" loading=\"lazy\" class=\"alignnone wp-image-8127\" src=\"http:\/\/elzbieta.org\/wp-content\/uploads\/2017\/09\/r\u00f3\u017caniec-cz-I-na-stron\u0119-www.jpg\" alt=\"r\u00f3\u017caniec cz I na stron\u0119 www\" width=\"391\" height=\"544\" srcset=\"http:\/\/elzbieta.org\/wp-content\/uploads\/2017\/09\/r\u00f3\u017caniec-cz-I-na-stron\u0119-www.jpg 1292w, http:\/\/elzbieta.org\/wp-content\/uploads\/2017\/09\/r\u00f3\u017caniec-cz-I-na-stron\u0119-www-216x300.jpg 216w, http:\/\/elzbieta.org\/wp-content\/uploads\/2017\/09\/r\u00f3\u017caniec-cz-I-na-stron\u0119-www-768x1068.jpg 768w, http:\/\/elzbieta.org\/wp-content\/uploads\/2017\/09\/r\u00f3\u017caniec-cz-I-na-stron\u0119-www-736x1024.jpg 736w\" sizes=\"(max-width: 391px) 100vw, 391px\" \/><\/p>\n<p>Segregator do zbierania kart &#8211; AUREOLEK, mo\u017cna naby\u0107 w kiosku parafialnym, w cenie 12 z\u0142 &#8211; jest to koszt produkcji segregatora i koszt zakupu koszulek.<\/p>\n<p>Dzieci, kt\u00f3re b\u0119d\u0105 aktywnie uczestniczy\u0107 w projekcie, na koniec roku szkolnego otrzymaj\u0105 zwrot wp\u0142aty za segregator, w formie niespodzianki.<\/p>\n<p><a href=\"http:\/\/elzbieta.org\/?page_id=7860\" target=\"_blank\" rel=\"nofollow\">Wi\u0119cej o projekcie AUREOLKI <\/a><\/p>\n<p><img decoding=\"async\" loading=\"lazy\" class=\"alignnone wp-image-7921\" src=\"http:\/\/elzbieta.org\/wp-content\/uploads\/2017\/09\/segragator-prz\u00f3d.jpg\" alt=\"segragator prz\u00f3d\" width=\"280\" height=\"286\" srcset=\"http:\/\/elzbieta.org\/wp-content\/uploads\/2017\/09\/segragator-prz\u00f3d.jpg 650w, http:\/\/elzbieta.org\/wp-content\/uploads\/2017\/09\/segragator-prz\u00f3d-293x300.jpg 293w\" sizes=\"(max-width: 280px) 100vw, 280px\" \/><\/p>\n<p><img decoding=\"async\" loading=\"lazy\" class=\"alignnone wp-image-7922\" src=\"http:\/\/elzbieta.org\/wp-content\/uploads\/2017\/09\/segragator-ty\u0142.jpg\" alt=\"segragator ty\u0142\" width=\"282\" height=\"313\" srcset=\"http:\/\/elzbieta.org\/wp-content\/uploads\/2017\/09\/segragator-ty\u0142.jpg 598w, http:\/\/elzbieta.org\/wp-content\/uploads\/2017\/09\/segragator-ty\u0142-270x300.jpg 270w\" sizes=\"(max-width: 282px) 100vw, 282px\" \/><\/p>\n","protected":false},"excerpt":{"rendered":"<p>W niedziel\u0119, 31 grudnia 2017 r. po Mszy \u015bw. o godz. 11.15 zapraszamy do sali na plebanii, gdzie b\u0119dzie mo\u017cna odebra\u0107 segregatory. Drugi termin odbioru segregator\u00f3w &#8211; niedziela, 7 stycznia 2018, po Mszy \u015bw. o godz. 11.15 w sali na plebanii. Og\u0142oszenie wynik\u00f3w i wr\u0119czenie upomink\u00f3w po zako\u0144czeniu I etapu konkursu odb\u0119dzie si\u0119 po feriach [&hellip;]<\/p>\n","protected":false},"author":2,"featured_media":0,"parent":0,"menu_order":0,"comment_status":"closed","ping_status":"closed","template":"","meta":{"ngg_post_thumbnail":0},"_links":{"self":[{"href":"http:\/\/elzbieta.org\/index.php?rest_route=\/wp\/v2\/pages\/7865"}],"collection":[{"href":"http:\/\/elzbieta.org\/index.php?rest_route=\/wp\/v2\/pages"}],"about":[{"href":"http:\/\/elzbieta.org\/index.php?rest_route=\/wp\/v2\/types\/page"}],"author":[{"embeddable":true,"href":"http:\/\/elzbieta.org\/index.php?rest_route=\/wp\/v2\/users\/2"}],"replies":[{"embeddable":true,"href":"http:\/\/elzbieta.org\/index.php?rest_route=%2Fwp%2Fv2%2Fcomments&post=7865"}],"version-history":[{"count":0,"href":"http:\/\/elzbieta.org\/index.php?rest_route=\/wp\/v2\/pages\/7865\/revisions"}],"wp:attachment":[{"href":"http:\/\/elzbieta.org\/index.php?rest_route=%2Fwp%2Fv2%2Fmedia&parent=7865"}],"curies":[{"name":"wp","href":"https:\/\/api.w.org\/{rel}","templated":true}]}}